{"id":2,"date":"2026-02-18T16:50:40","date_gmt":"2026-02-18T16:50:40","guid":{"rendered":"https:\/\/barberiaadel.rkinformatika.online\/?page_id=2"},"modified":"2026-02-19T15:07:05","modified_gmt":"2026-02-19T15:07:05","slug":"inicio","status":"publish","type":"page","link":"https:\/\/barberiaadel.com\/eu\/","title":{"rendered":"Hasiera"},"content":{"rendered":"<div data-elementor-type=\"wp-page\" data-elementor-id=\"2\" class=\"elementor elementor-2\" data-elementor-post-type=\"page\">\n\t\t\t\t<div class=\"elementor-element elementor-element-42edc66 e-flex e-con-boxed e-con e-parent\" data-id=\"42edc66\" data-element_type=\"container\" data-e-type=\"container\" data-settings=\"{&quot;background_background&quot;:&quot;classic&quot;}\">\n\t\t\t\t\t<div class=\"e-con-inner\">\n\t\t\t\t<div class=\"elementor-element elementor-element-f866cd1 elementor-widget elementor-widget-heading\" data-id=\"f866cd1\" data-element_type=\"widget\" data-e-type=\"widget\" data-widget_type=\"heading.default\">\n\t\t\t\t\t<h2 class=\"elementor-heading-title elementor-size-default\">Adel bizartegia<\/h2>\t\t\t\t<\/div>\n\t\t\t\t<div class=\"elementor-element elementor-element-75139b7 elementor-widget elementor-widget-text-editor\" data-id=\"75139b7\" data-element_type=\"widget\" data-e-type=\"widget\" data-widget_type=\"text-editor.default\">\n\t\t\t\t\t\t\t\t\t<p>Bizargintzarako bokazio, ahalegin eta pasio istorioa<\/p>\t\t\t\t\t\t\t\t<\/div>\n\t\t\t\t\t<\/div>\n\t\t\t\t<\/div>\n\t\t<div class=\"elementor-element elementor-element-a65edee e-flex e-con-boxed e-con e-parent\" data-id=\"a65edee\" data-element_type=\"container\" data-e-type=\"container\" data-settings=\"{&quot;background_background&quot;:&quot;classic&quot;}\">\n\t\t\t\t\t<div class=\"e-con-inner\">\n\t\t<div class=\"elementor-element elementor-element-8db692f e-con-full e-flex e-con e-child\" data-id=\"8db692f\" data-element_type=\"container\" data-e-type=\"container\">\n\t\t\t\t<div class=\"elementor-element elementor-element-def8520 elementor-widget elementor-widget-image\" data-id=\"def8520\" data-element_type=\"widget\" data-e-type=\"widget\" data-widget_type=\"image.default\">\n\t\t\t\t\t\t\t\t\t\t\t\t\t\t\t<img fetchpriority=\"high\" decoding=\"async\" width=\"1320\" height=\"1297\" src=\"https:\/\/barberiaadel.com\/wp-content\/uploads\/2026\/02\/IMG_4853-A.-Bou.jpeg\" class=\"attachment-full size-full wp-image-105\" alt=\"\" srcset=\"https:\/\/barberiaadel.com\/wp-content\/uploads\/2026\/02\/IMG_4853-A.-Bou.jpeg 1320w, https:\/\/barberiaadel.com\/wp-content\/uploads\/2026\/02\/IMG_4853-A.-Bou-300x295.jpeg 300w, https:\/\/barberiaadel.com\/wp-content\/uploads\/2026\/02\/IMG_4853-A.-Bou-1024x1006.jpeg 1024w, https:\/\/barberiaadel.com\/wp-content\/uploads\/2026\/02\/IMG_4853-A.-Bou-768x755.jpeg 768w, https:\/\/barberiaadel.com\/wp-content\/uploads\/2026\/02\/IMG_4853-A.-Bou-12x12.jpeg 12w\" sizes=\"(max-width: 1320px) 100vw, 1320px\" \/>\t\t\t\t\t\t\t\t\t\t\t\t\t\t\t<\/div>\n\t\t\t\t<\/div>\n\t\t<div class=\"elementor-element elementor-element-270db9d e-con-full e-flex e-con e-child\" data-id=\"270db9d\" data-element_type=\"container\" data-e-type=\"container\">\n\t\t\t\t<div class=\"elementor-element elementor-element-e5b2874 elementor-widget-divider--view-line_icon elementor-view-default elementor-widget-divider--element-align-center elementor-widget elementor-widget-divider\" data-id=\"e5b2874\" data-element_type=\"widget\" data-e-type=\"widget\" data-widget_type=\"divider.default\">\n\t\t\t\t\t\t\t<div class=\"elementor-divider\">\n\t\t\t<span class=\"elementor-divider-separator\">\n\t\t\t\t\t\t\t<div class=\"elementor-icon elementor-divider__element\">\n\t\t\t\t\t<svg aria-hidden=\"true\" class=\"e-font-icon-svg e-fas-handshake\" viewbox=\"0 0 640 512\" xmlns=\"http:\/\/www.w3.org\/2000\/svg\"><path d=\"M434.7 64h-85.9c-8 0-15.7 3-21.6 8.4l-98.3 90c-.1.1-.2.3-.3.4-16.6 15.6-16.3 40.5-2.1 56 12.7 13.9 39.4 17.6 56.1 2.7.1-.1.3-.1.4-.2l79.9-73.2c6.5-5.9 16.7-5.5 22.6 1 6 6.5 5.5 16.6-1 22.6l-26.1 23.9L504 313.8c2.9 2.4 5.5 5 7.9 7.7V128l-54.6-54.6c-5.9-6-14.1-9.4-22.6-9.4zM544 128.2v223.9c0 17.7 14.3 32 32 32h64V128.2h-96zm48 223.9c-8.8 0-16-7.2-16-16s7.2-16 16-16 16 7.2 16 16-7.2 16-16 16zM0 384h64c17.7 0 32-14.3 32-32V128.2H0V384zm48-63.9c8.8 0 16 7.2 16 16s-7.2 16-16 16-16-7.2-16-16c0-8.9 7.2-16 16-16zm435.9 18.6L334.6 217.5l-30 27.5c-29.7 27.1-75.2 24.5-101.7-4.4-26.9-29.4-24.8-74.9 4.4-101.7L289.1 64h-83.8c-8.5 0-16.6 3.4-22.6 9.4L128 128v223.9h18.3l90.5 81.9c27.4 22.3 67.7 18.1 90-9.3l.2-.2 17.9 15.5c15.9 13 39.4 10.5 52.3-5.4l31.4-38.6 5.4 4.4c13.7 11.1 33.9 9.1 45-4.7l9.5-11.7c11.2-13.8 9.1-33.9-4.6-45.1z\"><\/path><\/svg><\/div>\n\t\t\t\t\t\t<\/span>\n\t\t<\/div>\n\t\t\t\t\t\t<\/div>\n\t\t\t\t<div class=\"elementor-element elementor-element-c2f935f elementor-widget elementor-widget-heading\" data-id=\"c2f935f\" data-element_type=\"widget\" data-e-type=\"widget\" data-widget_type=\"heading.default\">\n\t\t\t\t\t<h2 class=\"elementor-heading-title elementor-size-default\">Nire<\/h2>\t\t\t\t<\/div>\n\t\t\t\t<div class=\"elementor-element elementor-element-058131a elementor-widget elementor-widget-text-editor\" data-id=\"058131a\" data-element_type=\"widget\" data-e-type=\"widget\" data-widget_type=\"text-editor.default\">\n\t\t\t\t\t\t\t\t\t<p>Bizargintza ez da nire lana bakarrik, pertsonekin harremanetan jartzeko eta nire dedikazioa adierazteko modua da. Hasieratik, pazientzia, zehaztasuna eta entzutearen garrantzia baloratzen ikasi nuen, eta gaur egun ere trebetasun horiek aplikatzen ditut gorte bakoitzean. Nire helburua nire esperientzia eta pasioa islatzen dituen zerbitzu bat eskaintzea da, tradizioak, estiloak eta hurbiltasunak bat egiten duten espazio bat, bezero bakoitzak esperientzia paregabea bizi dezan.<\/p>\t\t\t\t\t\t\t\t<\/div>\n\t\t\t\t<\/div>\n\t\t\t\t\t<\/div>\n\t\t\t\t<\/div>\n\t\t<div class=\"elementor-element elementor-element-12276b8 e-flex e-con-boxed e-con e-parent\" data-id=\"12276b8\" data-element_type=\"container\" data-e-type=\"container\" data-settings=\"{&quot;background_background&quot;:&quot;classic&quot;}\">\n\t\t\t\t\t<div class=\"e-con-inner\">\n\t\t<div class=\"elementor-element elementor-element-fd4dce1 e-con-full e-flex e-con e-child\" data-id=\"fd4dce1\" data-element_type=\"container\" data-e-type=\"container\">\n\t\t\t\t<div class=\"elementor-element elementor-element-5b135f1 elementor-widget elementor-widget-image\" data-id=\"5b135f1\" data-element_type=\"widget\" data-e-type=\"widget\" data-widget_type=\"image.default\">\n\t\t\t\t\t\t\t\t\t\t\t\t\t\t\t<img decoding=\"async\" width=\"382\" height=\"510\" src=\"https:\/\/barberiaadel.com\/wp-content\/uploads\/2026\/02\/2021-09-05-2.webp\" class=\"attachment-large size-large wp-image-120\" alt=\"\" srcset=\"https:\/\/barberiaadel.com\/wp-content\/uploads\/2026\/02\/2021-09-05-2.webp 382w, https:\/\/barberiaadel.com\/wp-content\/uploads\/2026\/02\/2021-09-05-2-225x300.webp 225w, https:\/\/barberiaadel.com\/wp-content\/uploads\/2026\/02\/2021-09-05-2-9x12.webp 9w\" sizes=\"(max-width: 382px) 100vw, 382px\" \/>\t\t\t\t\t\t\t\t\t\t\t\t\t\t\t<\/div>\n\t\t\t\t<\/div>\n\t\t<div class=\"elementor-element elementor-element-1fc73e8 e-con-full e-flex e-con e-child\" data-id=\"1fc73e8\" data-element_type=\"container\" data-e-type=\"container\">\n\t\t\t\t<div class=\"elementor-element elementor-element-119370e elementor-widget-divider--view-line_icon elementor-view-default elementor-widget-divider--element-align-center elementor-widget elementor-widget-divider\" data-id=\"119370e\" data-element_type=\"widget\" data-e-type=\"widget\" data-widget_type=\"divider.default\">\n\t\t\t\t\t\t\t<div class=\"elementor-divider\">\n\t\t\t<span class=\"elementor-divider-separator\">\n\t\t\t\t\t\t\t<div class=\"elementor-icon elementor-divider__element\">\n\t\t\t\t\t<svg aria-hidden=\"true\" class=\"e-font-icon-svg e-fas-handshake\" viewbox=\"0 0 640 512\" xmlns=\"http:\/\/www.w3.org\/2000\/svg\"><path d=\"M434.7 64h-85.9c-8 0-15.7 3-21.6 8.4l-98.3 90c-.1.1-.2.3-.3.4-16.6 15.6-16.3 40.5-2.1 56 12.7 13.9 39.4 17.6 56.1 2.7.1-.1.3-.1.4-.2l79.9-73.2c6.5-5.9 16.7-5.5 22.6 1 6 6.5 5.5 16.6-1 22.6l-26.1 23.9L504 313.8c2.9 2.4 5.5 5 7.9 7.7V128l-54.6-54.6c-5.9-6-14.1-9.4-22.6-9.4zM544 128.2v223.9c0 17.7 14.3 32 32 32h64V128.2h-96zm48 223.9c-8.8 0-16-7.2-16-16s7.2-16 16-16 16 7.2 16 16-7.2 16-16 16zM0 384h64c17.7 0 32-14.3 32-32V128.2H0V384zm48-63.9c8.8 0 16 7.2 16 16s-7.2 16-16 16-16-7.2-16-16c0-8.9 7.2-16 16-16zm435.9 18.6L334.6 217.5l-30 27.5c-29.7 27.1-75.2 24.5-101.7-4.4-26.9-29.4-24.8-74.9 4.4-101.7L289.1 64h-83.8c-8.5 0-16.6 3.4-22.6 9.4L128 128v223.9h18.3l90.5 81.9c27.4 22.3 67.7 18.1 90-9.3l.2-.2 17.9 15.5c15.9 13 39.4 10.5 52.3-5.4l31.4-38.6 5.4 4.4c13.7 11.1 33.9 9.1 45-4.7l9.5-11.7c11.2-13.8 9.1-33.9-4.6-45.1z\"><\/path><\/svg><\/div>\n\t\t\t\t\t\t<\/span>\n\t\t<\/div>\n\t\t\t\t\t\t<\/div>\n\t\t\t\t<div class=\"elementor-element elementor-element-52d3c6c elementor-widget elementor-widget-heading\" data-id=\"52d3c6c\" data-element_type=\"widget\" data-e-type=\"widget\" data-widget_type=\"heading.default\">\n\t\t\t\t\t<h2 class=\"elementor-heading-title elementor-size-default\">Ez da ebakia bakarrik.<\/h2>\t\t\t\t<\/div>\n\t\t\t\t<div class=\"elementor-element elementor-element-a4c5ccc elementor-widget elementor-widget-text-editor\" data-id=\"a4c5ccc\" data-element_type=\"widget\" data-e-type=\"widget\" data-widget_type=\"text-editor.default\">\n\t\t\t\t\t\t\t\t\t<p>Barber\u00eda Adel-en, unean-unean lagundu nahi zaitugu, gure estiloarekin, gure bizartegiaren bigearekin eta xehetasun bakoitzean jartzen dugun grinarekin. Gorte bakoitza, bizar-konponketa bakoitza, aholku bakoitza, pentsatuta dago zure look-a zure nortasunaren eta arimaren adierazpen bat izan dadin, eta bisita bakoitza esperientzia bakar, eroso eta benetako bat bezala senti dadin.<\/p>\t\t\t\t\t\t\t\t<\/div>\n\t\t\t\t<\/div>\n\t\t\t\t\t<\/div>\n\t\t\t\t<\/div>\n\t\t<div class=\"elementor-element elementor-element-dbfe206 e-flex e-con-boxed e-con e-parent\" data-id=\"dbfe206\" data-element_type=\"container\" data-e-type=\"container\">\n\t\t\t\t\t<div class=\"e-con-inner\">\n\t\t\t\t<div class=\"elementor-element elementor-element-2006460 elementor-widget elementor-widget-image-carousel\" data-id=\"2006460\" data-element_type=\"widget\" data-e-type=\"widget\" data-settings=\"{&quot;slides_to_show&quot;:&quot;9&quot;,&quot;navigation&quot;:&quot;none&quot;,&quot;autoplay_speed&quot;:2000,&quot;slides_to_show_tablet&quot;:&quot;4&quot;,&quot;slides_to_show_mobile&quot;:&quot;2&quot;,&quot;autoplay&quot;:&quot;yes&quot;,&quot;pause_on_hover&quot;:&quot;yes&quot;,&quot;pause_on_interaction&quot;:&quot;yes&quot;,&quot;infinite&quot;:&quot;yes&quot;,&quot;speed&quot;:500}\" data-widget_type=\"image-carousel.default\">\n\t\t\t\t\t\t\t<div class=\"elementor-image-carousel-wrapper swiper\" role=\"region\" aria-roledescription=\"carousel\" aria-label=\"Carrusel de im\u00e1genes\" dir=\"ltr\">\n\t\t\t<div class=\"elementor-image-carousel swiper-wrapper\" aria-live=\"off\">\n\t\t\t\t\t\t\t\t<div class=\"swiper-slide\" role=\"group\" aria-roledescription=\"slide\" aria-label=\"1 de 11\"><figure class=\"swiper-slide-inner\"><img decoding=\"async\" class=\"swiper-slide-image\" src=\"https:\/\/barberiaadel.com\/wp-content\/uploads\/2026\/02\/IMG_1442-A.-Bou-150x150.jpeg\" alt=\"IMG_1442 - A. Bou\" \/><\/figure><\/div><div class=\"swiper-slide\" role=\"group\" aria-roledescription=\"slide\" aria-label=\"2 de 11\"><figure class=\"swiper-slide-inner\"><img decoding=\"async\" class=\"swiper-slide-image\" src=\"https:\/\/barberiaadel.com\/wp-content\/uploads\/2026\/02\/IMG_1443-A.-Bou-150x150.jpeg\" alt=\"IMG_1443 - A. Bou\" \/><\/figure><\/div><div class=\"swiper-slide\" role=\"group\" aria-roledescription=\"slide\" aria-label=\"3 de 11\"><figure class=\"swiper-slide-inner\"><img decoding=\"async\" class=\"swiper-slide-image\" src=\"https:\/\/barberiaadel.com\/wp-content\/uploads\/2026\/02\/2021-09-05-3-150x150.webp\" alt=\"2021-09-05 (3)\" \/><\/figure><\/div><div class=\"swiper-slide\" role=\"group\" aria-roledescription=\"slide\" aria-label=\"4 de 11\"><figure class=\"swiper-slide-inner\"><img decoding=\"async\" class=\"swiper-slide-image\" src=\"https:\/\/barberiaadel.com\/wp-content\/uploads\/2026\/02\/IMG_4853-A.-Bou-1-150x150.jpeg\" alt=\"Screenshot\" \/><\/figure><\/div><div class=\"swiper-slide\" role=\"group\" aria-roledescription=\"slide\" aria-label=\"5 de 11\"><figure class=\"swiper-slide-inner\"><img decoding=\"async\" class=\"swiper-slide-image\" src=\"https:\/\/barberiaadel.com\/wp-content\/uploads\/2026\/02\/2021-10-31-150x150.webp\" alt=\"2021-10-31\" \/><\/figure><\/div><div class=\"swiper-slide\" role=\"group\" aria-roledescription=\"slide\" aria-label=\"6 de 11\"><figure class=\"swiper-slide-inner\"><img decoding=\"async\" class=\"swiper-slide-image\" src=\"https:\/\/barberiaadel.com\/wp-content\/uploads\/2026\/02\/2021-09-05-150x150.webp\" alt=\"2021-09-05\" \/><\/figure><\/div><div class=\"swiper-slide\" role=\"group\" aria-roledescription=\"slide\" aria-label=\"7 de 11\"><figure class=\"swiper-slide-inner\"><img decoding=\"async\" class=\"swiper-slide-image\" src=\"https:\/\/barberiaadel.com\/wp-content\/uploads\/2026\/02\/2021-09-05-1-150x150.webp\" alt=\"2021-09-05 (1)\" \/><\/figure><\/div><div class=\"swiper-slide\" role=\"group\" aria-roledescription=\"slide\" aria-label=\"8 de 11\"><figure class=\"swiper-slide-inner\"><img decoding=\"async\" class=\"swiper-slide-image\" src=\"https:\/\/barberiaadel.com\/wp-content\/uploads\/2026\/02\/2021-10-13-150x150.webp\" alt=\"2021-10-13\" \/><\/figure><\/div><div class=\"swiper-slide\" role=\"group\" aria-roledescription=\"slide\" aria-label=\"9 de 11\"><figure class=\"swiper-slide-inner\"><img decoding=\"async\" class=\"swiper-slide-image\" src=\"https:\/\/barberiaadel.com\/wp-content\/uploads\/2026\/02\/2021-10-12-150x150.webp\" alt=\"2021-10-12\" \/><\/figure><\/div><div class=\"swiper-slide\" role=\"group\" aria-roledescription=\"slide\" aria-label=\"10 de 11\"><figure class=\"swiper-slide-inner\"><img decoding=\"async\" class=\"swiper-slide-image\" src=\"https:\/\/barberiaadel.com\/wp-content\/uploads\/2026\/02\/2021-09-05-2-150x150.webp\" alt=\"2021-09-05 (2)\" \/><\/figure><\/div><div class=\"swiper-slide\" role=\"group\" aria-roledescription=\"slide\" aria-label=\"11 de 11\"><figure class=\"swiper-slide-inner\"><img decoding=\"async\" class=\"swiper-slide-image\" src=\"https:\/\/barberiaadel.com\/wp-content\/uploads\/2026\/02\/2021-10-31-1-1-150x150.webp\" alt=\"2021-10-31 (1)\" \/><\/figure><\/div>\t\t\t<\/div>\n\t\t\t\t\t\t\t\n\t\t\t\t\t\t\t\t\t<\/div>\n\t\t\t\t\t\t<\/div>\n\t\t\t\t\t<\/div>\n\t\t\t\t<\/div>\n\t\t<div class=\"elementor-element elementor-element-3028824 e-flex e-con-boxed e-con e-parent\" data-id=\"3028824\" data-element_type=\"container\" data-e-type=\"container\" data-settings=\"{&quot;background_background&quot;:&quot;classic&quot;}\">\n\t\t\t\t\t<div class=\"e-con-inner\">\n\t\t\t\t<div class=\"elementor-element elementor-element-6031448 elementor-widget elementor-widget-heading\" data-id=\"6031448\" data-element_type=\"widget\" data-e-type=\"widget\" data-widget_type=\"heading.default\">\n\t\t\t\t\t<h2 class=\"elementor-heading-title elementor-size-default\">Zatoz eta gozatu esperientzia oso batez<\/h2>\t\t\t\t<\/div>\n\t\t\t\t<div class=\"elementor-element elementor-element-ecd5518 elementor-widget elementor-widget-text-editor\" data-id=\"ecd5518\" data-element_type=\"widget\" data-e-type=\"widget\" data-widget_type=\"text-editor.default\">\n\t\t\t\t\t\t\t\t\t<p>Eman bizitza zure estiloari<\/p>\t\t\t\t\t\t\t\t<\/div>\n\t\t\t\t<div class=\"elementor-element elementor-element-5f139aa elementor-align-center elementor-widget elementor-widget-button\" data-id=\"5f139aa\" data-element_type=\"widget\" data-e-type=\"widget\" data-widget_type=\"button.default\">\n\t\t\t\t\t\t\t\t\t\t<a class=\"elementor-button elementor-button-link elementor-size-sm\" href=\"\/eu\/servicios\/\">\n\t\t\t\t\t\t<span class=\"elementor-button-content-wrapper\">\n\t\t\t\t\t\t<span class=\"elementor-button-icon\">\n\t\t\t\t<svg aria-hidden=\"true\" class=\"e-font-icon-svg e-far-hand-point-right\" viewbox=\"0 0 512 512\" xmlns=\"http:\/\/www.w3.org\/2000\/svg\"><path d=\"M428.8 137.6h-86.177a115.52 115.52 0 0 0 2.176-22.4c0-47.914-35.072-83.2-92-83.2-45.314 0-57.002 48.537-75.707 78.784-7.735 12.413-16.994 23.317-25.851 33.253l-.131.146-.129.148C135.662 161.807 127.764 168 120.8 168h-2.679c-5.747-4.952-13.536-8-22.12-8H32c-17.673 0-32 12.894-32 28.8v230.4C0 435.106 14.327 448 32 448h64c8.584 0 16.373-3.048 22.12-8h2.679c28.688 0 67.137 40 127.2 40h21.299c62.542 0 98.8-38.658 99.94-91.145 12.482-17.813 18.491-40.785 15.985-62.791A93.148 93.148 0 0 0 393.152 304H428.8c45.435 0 83.2-37.584 83.2-83.2 0-45.099-38.101-83.2-83.2-83.2zm0 118.4h-91.026c12.837 14.669 14.415 42.825-4.95 61.05 11.227 19.646 1.687 45.624-12.925 53.625 6.524 39.128-10.076 61.325-50.6 61.325H248c-45.491 0-77.21-35.913-120-39.676V215.571c25.239-2.964 42.966-21.222 59.075-39.596 11.275-12.65 21.725-25.3 30.799-39.875C232.355 112.712 244.006 80 252.8 80c23.375 0 44 8.8 44 35.2 0 35.2-26.4 53.075-26.4 70.4h158.4c18.425 0 35.2 16.5 35.2 35.2 0 18.975-16.225 35.2-35.2 35.2zM88 384c0 13.255-10.745 24-24 24s-24-10.745-24-24 10.745-24 24-24 24 10.745 24 24z\"><\/path><\/svg>\t\t\t<\/span>\n\t\t\t\t\t\t\t\t\t<span class=\"elementor-button-text\">Zerbitzuak<\/span>\n\t\t\t\t\t<\/span>\n\t\t\t\t\t<\/a>\n\t\t\t\t\t\t\t\t<\/div>\n\t\t\t\t\t<\/div>\n\t\t\t\t<\/div>\n\t\t\t\t<\/div>","protected":false},"excerpt":{"rendered":"<p>Barber\u00eda Adel Una historia de vocaci\u00f3n, esfuerzo y pasi\u00f3n por la barber\u00eda Sobre mi La barber\u00eda no es solo mi trabajo, es la forma en que me relaciono con las personas y expreso mi dedicaci\u00f3n. Desde los inicios, aprend\u00ed a valorar la paciencia, la precisi\u00f3n y la importancia de escuchar, habilidades que a\u00fan hoy aplico [&hellip;]<\/p>\n","protected":false},"author":1,"featured_media":0,"parent":0,"menu_order":0,"comment_status":"closed","ping_status":"closed","template":"elementor_canvas","meta":{"footnotes":""},"class_list":["post-2","page","type-page","status-publish","hentry"],"yoast_head":"<!-- This site is optimized with the Yoast SEO plugin v27.4 - https:\/\/yoast.com\/product\/yoast-seo-wordpress\/ -->\n<title>Inicio - Barber\u00eda Adel<\/title>\n<meta name=\"robots\" content=\"index, follow, max-snippet:-1, max-image-preview:large, max-video-preview:-1\" \/>\n<link rel=\"canonical\" href=\"https:\/\/barberiaadel.com\/eu\/\" \/>\n<meta property=\"og:locale\" content=\"en_US\" \/>\n<meta property=\"og:type\" content=\"article\" \/>\n<meta property=\"og:title\" content=\"Inicio - Barber\u00eda Adel\" \/>\n<meta property=\"og:description\" content=\"Barber\u00eda Adel Una historia de vocaci\u00f3n, esfuerzo y pasi\u00f3n por la barber\u00eda Sobre mi La barber\u00eda no es solo mi trabajo, es la forma en que me relaciono con las personas y expreso mi dedicaci\u00f3n. Desde los inicios, aprend\u00ed a valorar la paciencia, la precisi\u00f3n y la importancia de escuchar, habilidades que a\u00fan hoy aplico [&hellip;]\" \/>\n<meta property=\"og:url\" content=\"https:\/\/barberiaadel.com\/eu\/\" \/>\n<meta property=\"og:site_name\" content=\"Barber\u00eda Adel\" \/>\n<meta property=\"article:modified_time\" content=\"2026-02-19T15:07:05+00:00\" \/>\n<meta property=\"og:image\" content=\"https:\/\/barberiaadel.com\/wp-content\/uploads\/2026\/02\/IMG_4853-A.-Bou.jpeg\" \/>\n<meta name=\"twitter:card\" content=\"summary_large_image\" \/>\n<meta name=\"twitter:label1\" content=\"Est. reading time\" \/>\n\t<meta name=\"twitter:data1\" content=\"7 minutua\" \/>\n<script type=\"application\/ld+json\" class=\"yoast-schema-graph\">{\"@context\":\"https:\\\/\\\/schema.org\",\"@graph\":[{\"@type\":\"WebPage\",\"@id\":\"https:\\\/\\\/barberiaadel.com\\\/\",\"url\":\"https:\\\/\\\/barberiaadel.com\\\/\",\"name\":\"Inicio - Barber\u00eda Adel\",\"isPartOf\":{\"@id\":\"https:\\\/\\\/barberiaadel.com\\\/#website\"},\"primaryImageOfPage\":{\"@id\":\"https:\\\/\\\/barberiaadel.com\\\/#primaryimage\"},\"image\":{\"@id\":\"https:\\\/\\\/barberiaadel.com\\\/#primaryimage\"},\"thumbnailUrl\":\"https:\\\/\\\/barberiaadel.com\\\/wp-content\\\/uploads\\\/2026\\\/02\\\/IMG_4853-A.-Bou.jpeg\",\"datePublished\":\"2026-02-18T16:50:40+00:00\",\"dateModified\":\"2026-02-19T15:07:05+00:00\",\"breadcrumb\":{\"@id\":\"https:\\\/\\\/barberiaadel.com\\\/#breadcrumb\"},\"inLanguage\":\"eu\",\"potentialAction\":[{\"@type\":\"ReadAction\",\"target\":[\"https:\\\/\\\/barberiaadel.com\\\/\"]}]},{\"@type\":\"ImageObject\",\"inLanguage\":\"eu\",\"@id\":\"https:\\\/\\\/barberiaadel.com\\\/#primaryimage\",\"url\":\"https:\\\/\\\/barberiaadel.com\\\/wp-content\\\/uploads\\\/2026\\\/02\\\/IMG_4853-A.-Bou.jpeg\",\"contentUrl\":\"https:\\\/\\\/barberiaadel.com\\\/wp-content\\\/uploads\\\/2026\\\/02\\\/IMG_4853-A.-Bou.jpeg\"},{\"@type\":\"BreadcrumbList\",\"@id\":\"https:\\\/\\\/barberiaadel.com\\\/#breadcrumb\",\"itemListElement\":[{\"@type\":\"ListItem\",\"position\":1,\"name\":\"Portada\",\"item\":\"https:\\\/\\\/barberiaadel.com\\\/\"},{\"@type\":\"ListItem\",\"position\":2,\"name\":\"Inicio\"}]},{\"@type\":\"WebSite\",\"@id\":\"https:\\\/\\\/barberiaadel.com\\\/#website\",\"url\":\"https:\\\/\\\/barberiaadel.com\\\/\",\"name\":\"Barber\u00eda Adel\",\"description\":\"Barber\u00eda Trauko en C. Trauko, 21Ur\u00edbarri, 48007 Bilbao \\\/ 632 879 252\",\"publisher\":{\"@id\":\"https:\\\/\\\/barberiaadel.com\\\/#organization\"},\"potentialAction\":[{\"@type\":\"SearchAction\",\"target\":{\"@type\":\"EntryPoint\",\"urlTemplate\":\"https:\\\/\\\/barberiaadel.com\\\/?s={search_term_string}\"},\"query-input\":{\"@type\":\"PropertyValueSpecification\",\"valueRequired\":true,\"valueName\":\"search_term_string\"}}],\"inLanguage\":\"eu\"},{\"@type\":\"Organization\",\"@id\":\"https:\\\/\\\/barberiaadel.com\\\/#organization\",\"name\":\"Barber\u00eda Adel\",\"url\":\"https:\\\/\\\/barberiaadel.com\\\/\",\"logo\":{\"@type\":\"ImageObject\",\"inLanguage\":\"eu\",\"@id\":\"https:\\\/\\\/barberiaadel.com\\\/#\\\/schema\\\/logo\\\/image\\\/\",\"url\":\"https:\\\/\\\/barberiaadel.com\\\/wp-content\\\/uploads\\\/2026\\\/02\\\/cropped-84CA4271-4691-42D1-A8CA-8DD3B848A082-scaled-1.jpeg\",\"contentUrl\":\"https:\\\/\\\/barberiaadel.com\\\/wp-content\\\/uploads\\\/2026\\\/02\\\/cropped-84CA4271-4691-42D1-A8CA-8DD3B848A082-scaled-1.jpeg\",\"width\":1793,\"height\":2264,\"caption\":\"Barber\u00eda Adel\"},\"image\":{\"@id\":\"https:\\\/\\\/barberiaadel.com\\\/#\\\/schema\\\/logo\\\/image\\\/\"}}]}<\/script>\n<!-- \/ Yoast SEO plugin. -->","yoast_head_json":{"title":"Inicio - Barber\u00eda Adel","robots":{"index":"index","follow":"follow","max-snippet":"max-snippet:-1","max-image-preview":"max-image-preview:large","max-video-preview":"max-video-preview:-1"},"canonical":"https:\/\/barberiaadel.com\/eu\/","og_locale":"en_US","og_type":"article","og_title":"Inicio - Barber\u00eda Adel","og_description":"Barber\u00eda Adel Una historia de vocaci\u00f3n, esfuerzo y pasi\u00f3n por la barber\u00eda Sobre mi La barber\u00eda no es solo mi trabajo, es la forma en que me relaciono con las personas y expreso mi dedicaci\u00f3n. Desde los inicios, aprend\u00ed a valorar la paciencia, la precisi\u00f3n y la importancia de escuchar, habilidades que a\u00fan hoy aplico [&hellip;]","og_url":"https:\/\/barberiaadel.com\/eu\/","og_site_name":"Barber\u00eda Adel","article_modified_time":"2026-02-19T15:07:05+00:00","og_image":[{"url":"https:\/\/barberiaadel.com\/wp-content\/uploads\/2026\/02\/IMG_4853-A.-Bou.jpeg","type":"","width":"","height":""}],"twitter_card":"summary_large_image","twitter_misc":{"Est. reading time":"7 minutua"},"schema":{"@context":"https:\/\/schema.org","@graph":[{"@type":"WebPage","@id":"https:\/\/barberiaadel.com\/","url":"https:\/\/barberiaadel.com\/","name":"Inicio - Barber\u00eda Adel","isPartOf":{"@id":"https:\/\/barberiaadel.com\/#website"},"primaryImageOfPage":{"@id":"https:\/\/barberiaadel.com\/#primaryimage"},"image":{"@id":"https:\/\/barberiaadel.com\/#primaryimage"},"thumbnailUrl":"https:\/\/barberiaadel.com\/wp-content\/uploads\/2026\/02\/IMG_4853-A.-Bou.jpeg","datePublished":"2026-02-18T16:50:40+00:00","dateModified":"2026-02-19T15:07:05+00:00","breadcrumb":{"@id":"https:\/\/barberiaadel.com\/#breadcrumb"},"inLanguage":"eu","potentialAction":[{"@type":"ReadAction","target":["https:\/\/barberiaadel.com\/"]}]},{"@type":"ImageObject","inLanguage":"eu","@id":"https:\/\/barberiaadel.com\/#primaryimage","url":"https:\/\/barberiaadel.com\/wp-content\/uploads\/2026\/02\/IMG_4853-A.-Bou.jpeg","contentUrl":"https:\/\/barberiaadel.com\/wp-content\/uploads\/2026\/02\/IMG_4853-A.-Bou.jpeg"},{"@type":"BreadcrumbList","@id":"https:\/\/barberiaadel.com\/#breadcrumb","itemListElement":[{"@type":"ListItem","position":1,"name":"Portada","item":"https:\/\/barberiaadel.com\/"},{"@type":"ListItem","position":2,"name":"Inicio"}]},{"@type":"WebSite","@id":"https:\/\/barberiaadel.com\/#website","url":"https:\/\/barberiaadel.com\/","name":"Adel bizartegia","description":"Barber\u00eda Trauko en C. Trauko, 21Ur\u00edbarri, 48007 Bilbao \/ 632 879 252","publisher":{"@id":"https:\/\/barberiaadel.com\/#organization"},"potentialAction":[{"@type":"SearchAction","target":{"@type":"EntryPoint","urlTemplate":"https:\/\/barberiaadel.com\/?s={search_term_string}"},"query-input":{"@type":"PropertyValueSpecification","valueRequired":true,"valueName":"search_term_string"}}],"inLanguage":"eu"},{"@type":"Organization","@id":"https:\/\/barberiaadel.com\/#organization","name":"Adel bizartegia","url":"https:\/\/barberiaadel.com\/","logo":{"@type":"ImageObject","inLanguage":"eu","@id":"https:\/\/barberiaadel.com\/#\/schema\/logo\/image\/","url":"https:\/\/barberiaadel.com\/wp-content\/uploads\/2026\/02\/cropped-84CA4271-4691-42D1-A8CA-8DD3B848A082-scaled-1.jpeg","contentUrl":"https:\/\/barberiaadel.com\/wp-content\/uploads\/2026\/02\/cropped-84CA4271-4691-42D1-A8CA-8DD3B848A082-scaled-1.jpeg","width":1793,"height":2264,"caption":"Barber\u00eda Adel"},"image":{"@id":"https:\/\/barberiaadel.com\/#\/schema\/logo\/image\/"}}]}},"_links":{"self":[{"href":"https:\/\/barberiaadel.com\/eu\/wp-json\/wp\/v2\/pages\/2","targetHints":{"allow":["GET"]}}],"collection":[{"href":"https:\/\/barberiaadel.com\/eu\/wp-json\/wp\/v2\/pages"}],"about":[{"href":"https:\/\/barberiaadel.com\/eu\/wp-json\/wp\/v2\/types\/page"}],"author":[{"embeddable":true,"href":"https:\/\/barberiaadel.com\/eu\/wp-json\/wp\/v2\/users\/1"}],"replies":[{"embeddable":true,"href":"https:\/\/barberiaadel.com\/eu\/wp-json\/wp\/v2\/comments?post=2"}],"version-history":[{"count":22,"href":"https:\/\/barberiaadel.com\/eu\/wp-json\/wp\/v2\/pages\/2\/revisions"}],"predecessor-version":[{"id":273,"href":"https:\/\/barberiaadel.com\/eu\/wp-json\/wp\/v2\/pages\/2\/revisions\/273"}],"wp:attachment":[{"href":"https:\/\/barberiaadel.com\/eu\/wp-json\/wp\/v2\/media?parent=2"}],"curies":[{"name":"wp","href":"https:\/\/api.w.org\/{rel}","templated":true}]}}