{"id":16,"date":"2026-02-19T09:44:36","date_gmt":"2026-02-19T09:44:36","guid":{"rendered":"https:\/\/barberiaadel.rkinformatika.online\/?page_id=16"},"modified":"2026-03-05T16:15:53","modified_gmt":"2026-03-05T16:15:53","slug":"contacto","status":"publish","type":"page","link":"https:\/\/barberiaadel.com\/eu\/contacto\/","title":{"rendered":"Kontaktua"},"content":{"rendered":"<div data-elementor-type=\"wp-page\" data-elementor-id=\"16\" class=\"elementor elementor-16\" data-elementor-post-type=\"page\">\n\t\t\t\t<div class=\"elementor-element elementor-element-3824a98 e-flex e-con-boxed e-con e-parent\" data-id=\"3824a98\" data-element_type=\"container\" data-e-type=\"container\" data-settings=\"{&quot;background_background&quot;:&quot;classic&quot;}\">\n\t\t\t\t\t<div class=\"e-con-inner\">\n\t\t\t\t<div class=\"elementor-element elementor-element-7c9952e elementor-widget elementor-widget-heading\" data-id=\"7c9952e\" data-element_type=\"widget\" data-e-type=\"widget\" data-widget_type=\"heading.default\">\n\t\t\t\t\t<h2 class=\"elementor-heading-title elementor-size-default\">Da el paso, nosotros nos encargamos del resto<\/h2>\t\t\t\t<\/div>\n\t\t\t\t\t<\/div>\n\t\t\t\t<\/div>\n\t\t<div class=\"elementor-element elementor-element-c5b2740 e-flex e-con-boxed e-con e-parent\" data-id=\"c5b2740\" data-element_type=\"container\" data-e-type=\"container\" data-settings=\"{&quot;background_background&quot;:&quot;classic&quot;}\">\n\t\t\t\t\t<div class=\"e-con-inner\">\n\t\t<div class=\"elementor-element elementor-element-e847e07 e-con-full animated-slow e-flex elementor-invisible e-con e-child\" data-id=\"e847e07\" data-element_type=\"container\" data-e-type=\"container\" data-settings=\"{&quot;background_background&quot;:&quot;classic&quot;,&quot;animation&quot;:&quot;fadeInLeft&quot;}\">\n\t\t\t\t<div class=\"elementor-element elementor-element-3485646 elementor-widget elementor-widget-heading\" data-id=\"3485646\" data-element_type=\"widget\" data-e-type=\"widget\" data-widget_type=\"heading.default\">\n\t\t\t\t\t<h2 class=\"elementor-heading-title elementor-size-default\">Informaci\u00f3n General<\/h2>\t\t\t\t<\/div>\n\t\t\t\t<div class=\"elementor-element elementor-element-cb7b02f elementor-widget__width-inherit elementor-widget elementor-widget-heading\" data-id=\"cb7b02f\" data-element_type=\"widget\" data-e-type=\"widget\" data-widget_type=\"heading.default\">\n\t\t\t\t\t<h2 class=\"elementor-heading-title elementor-size-default\">Tel\u00e9fono<\/h2>\t\t\t\t<\/div>\n\t\t\t\t<div class=\"elementor-element elementor-element-ccbf9e6 elementor-widget elementor-widget-heading\" data-id=\"ccbf9e6\" data-element_type=\"widget\" data-e-type=\"widget\" data-widget_type=\"heading.default\">\n\t\t\t\t\t<h2 class=\"elementor-heading-title elementor-size-default\">+34 664 512 227<\/h2>\t\t\t\t<\/div>\n\t\t\t\t<div class=\"elementor-element elementor-element-18a9f8a elementor-widget-divider--view-line elementor-widget elementor-widget-divider\" data-id=\"18a9f8a\" data-element_type=\"widget\" data-e-type=\"widget\" data-widget_type=\"divider.default\">\n\t\t\t\t\t\t\t<div class=\"elementor-divider\">\n\t\t\t<span class=\"elementor-divider-separator\">\n\t\t\t\t\t\t<\/span>\n\t\t<\/div>\n\t\t\t\t\t\t<\/div>\n\t\t\t\t<div class=\"elementor-element elementor-element-99af398 elementor-widget__width-inherit elementor-widget elementor-widget-heading\" data-id=\"99af398\" data-element_type=\"widget\" data-e-type=\"widget\" data-widget_type=\"heading.default\">\n\t\t\t\t\t<h2 class=\"elementor-heading-title elementor-size-default\">Direcci\u00f3n<\/h2>\t\t\t\t<\/div>\n\t\t\t\t<div class=\"elementor-element elementor-element-a9129f9 elementor-widget elementor-widget-heading\" data-id=\"a9129f9\" data-element_type=\"widget\" data-e-type=\"widget\" data-widget_type=\"heading.default\">\n\t\t\t\t\t<h2 class=\"elementor-heading-title elementor-size-default\">Trauko Kalea, 21, Uribarri, 48007 Bilbao, Bizkaia<\/h2>\t\t\t\t<\/div>\n\t\t\t\t<div class=\"elementor-element elementor-element-bc913f2 elementor-widget-divider--view-line elementor-widget elementor-widget-divider\" data-id=\"bc913f2\" data-element_type=\"widget\" data-e-type=\"widget\" data-widget_type=\"divider.default\">\n\t\t\t\t\t\t\t<div class=\"elementor-divider\">\n\t\t\t<span class=\"elementor-divider-separator\">\n\t\t\t\t\t\t<\/span>\n\t\t<\/div>\n\t\t\t\t\t\t<\/div>\n\t\t\t\t<div class=\"elementor-element elementor-element-7124c34 elementor-widget__width-inherit elementor-widget elementor-widget-heading\" data-id=\"7124c34\" data-element_type=\"widget\" data-e-type=\"widget\" data-widget_type=\"heading.default\">\n\t\t\t\t\t<h2 class=\"elementor-heading-title elementor-size-default\">Horario<\/h2>\t\t\t\t<\/div>\n\t\t\t\t<div class=\"elementor-element elementor-element-fb86478 elementor-widget elementor-widget-heading\" data-id=\"fb86478\" data-element_type=\"widget\" data-e-type=\"widget\" data-widget_type=\"heading.default\">\n\t\t\t\t\t<h2 class=\"elementor-heading-title elementor-size-default\">Lunes a viernes:\n 10h a 14h \n 16h a 20h<\/h2>\t\t\t\t<\/div>\n\t\t\t\t<div class=\"elementor-element elementor-element-6d5bb14 elementor-widget elementor-widget-heading\" data-id=\"6d5bb14\" data-element_type=\"widget\" data-e-type=\"widget\" data-widget_type=\"heading.default\">\n\t\t\t\t\t<h2 class=\"elementor-heading-title elementor-size-default\">\nS\u00e1bados:\n 10h a 14h<\/h2>\t\t\t\t<\/div>\n\t\t\t\t<\/div>\n\t\t<div class=\"elementor-element elementor-element-d880fff e-con-full animated-slow e-flex elementor-invisible e-con e-child\" data-id=\"d880fff\" data-element_type=\"container\" data-e-type=\"container\" data-settings=\"{&quot;background_background&quot;:&quot;classic&quot;,&quot;animation&quot;:&quot;fadeInLeft&quot;}\">\n\t\t\t\t<div class=\"elementor-element elementor-element-1249446 elementor-widget elementor-widget-google_maps\" data-id=\"1249446\" data-element_type=\"widget\" data-e-type=\"widget\" data-widget_type=\"google_maps.default\">\n\t\t\t\t\t\t\t<div class=\"elementor-custom-embed\">\n\t\t\t<iframe loading=\"lazy\"\n\t\t\t\t\tsrc=\"https:\/\/maps.google.com\/maps?q=berberia%20adel&#038;t=m&#038;z=10&#038;output=embed&#038;iwloc=near\"\n\t\t\t\t\ttitle=\"berberia adel\"\n\t\t\t\t\taria-label=\"berberia adel\"\n\t\t\t><\/iframe>\n\t\t<\/div>\n\t\t\t\t\t\t<\/div>\n\t\t\t\t<\/div>\n\t\t\t\t\t<\/div>\n\t\t\t\t<\/div>\n\t\t\t\t<\/div>","protected":false},"excerpt":{"rendered":"<p>Da el paso, nosotros nos encargamos del resto Informaci\u00f3n General Tel\u00e9fono +34 664 512 227 Direcci\u00f3n Trauko Kalea, 21, Uribarri, 48007 Bilbao, Bizkaia Horario Lunes a viernes: 10h a 14h 16h a 20h S\u00e1bados: 10h a 14h<\/p>","protected":false},"author":1,"featured_media":0,"parent":0,"menu_order":0,"comment_status":"closed","ping_status":"closed","template":"elementor_canvas","meta":{"footnotes":""},"class_list":["post-16","page","type-page","status-publish","hentry"],"yoast_head":"<!-- This site is optimized with the Yoast SEO plugin v27.4 - https:\/\/yoast.com\/product\/yoast-seo-wordpress\/ -->\n<title>Contacto - Barber\u00eda Adel<\/title>\n<meta name=\"robots\" content=\"index, follow, max-snippet:-1, max-image-preview:large, max-video-preview:-1\" \/>\n<link rel=\"canonical\" href=\"https:\/\/barberiaadel.com\/eu\/contacto\/\" \/>\n<meta property=\"og:locale\" content=\"en_US\" \/>\n<meta property=\"og:type\" content=\"article\" \/>\n<meta property=\"og:title\" content=\"Contacto - Barber\u00eda Adel\" \/>\n<meta property=\"og:description\" content=\"Da el paso, nosotros nos encargamos del resto Informaci\u00f3n General Tel\u00e9fono +34 664 512 227 Direcci\u00f3n Trauko Kalea, 21, Uribarri, 48007 Bilbao, Bizkaia Horario Lunes a viernes: 10h a 14h 16h a 20h S\u00e1bados: 10h a 14h\" \/>\n<meta property=\"og:url\" content=\"https:\/\/barberiaadel.com\/eu\/contacto\/\" \/>\n<meta property=\"og:site_name\" content=\"Barber\u00eda Adel\" \/>\n<meta property=\"article:modified_time\" content=\"2026-03-05T16:15:53+00:00\" \/>\n<meta name=\"twitter:card\" content=\"summary_large_image\" \/>\n<meta name=\"twitter:label1\" content=\"Est. reading time\" \/>\n\t<meta name=\"twitter:data1\" content=\"1 minutua\" \/>\n<script type=\"application\/ld+json\" class=\"yoast-schema-graph\">{\"@context\":\"https:\\\/\\\/schema.org\",\"@graph\":[{\"@type\":\"WebPage\",\"@id\":\"https:\\\/\\\/barberiaadel.com\\\/contacto\\\/\",\"url\":\"https:\\\/\\\/barberiaadel.com\\\/contacto\\\/\",\"name\":\"Contacto - Barber\u00eda Adel\",\"isPartOf\":{\"@id\":\"https:\\\/\\\/barberiaadel.com\\\/#website\"},\"datePublished\":\"2026-02-19T09:44:36+00:00\",\"dateModified\":\"2026-03-05T16:15:53+00:00\",\"breadcrumb\":{\"@id\":\"https:\\\/\\\/barberiaadel.com\\\/contacto\\\/#breadcrumb\"},\"inLanguage\":\"eu\",\"potentialAction\":[{\"@type\":\"ReadAction\",\"target\":[\"https:\\\/\\\/barberiaadel.com\\\/contacto\\\/\"]}]},{\"@type\":\"BreadcrumbList\",\"@id\":\"https:\\\/\\\/barberiaadel.com\\\/contacto\\\/#breadcrumb\",\"itemListElement\":[{\"@type\":\"ListItem\",\"position\":1,\"name\":\"Portada\",\"item\":\"https:\\\/\\\/barberiaadel.com\\\/\"},{\"@type\":\"ListItem\",\"position\":2,\"name\":\"Contacto\"}]},{\"@type\":\"WebSite\",\"@id\":\"https:\\\/\\\/barberiaadel.com\\\/#website\",\"url\":\"https:\\\/\\\/barberiaadel.com\\\/\",\"name\":\"Barber\u00eda Adel\",\"description\":\"Barber\u00eda Trauko en C. Trauko, 21Ur\u00edbarri, 48007 Bilbao \\\/ 632 879 252\",\"publisher\":{\"@id\":\"https:\\\/\\\/barberiaadel.com\\\/#organization\"},\"potentialAction\":[{\"@type\":\"SearchAction\",\"target\":{\"@type\":\"EntryPoint\",\"urlTemplate\":\"https:\\\/\\\/barberiaadel.com\\\/?s={search_term_string}\"},\"query-input\":{\"@type\":\"PropertyValueSpecification\",\"valueRequired\":true,\"valueName\":\"search_term_string\"}}],\"inLanguage\":\"eu\"},{\"@type\":\"Organization\",\"@id\":\"https:\\\/\\\/barberiaadel.com\\\/#organization\",\"name\":\"Barber\u00eda Adel\",\"url\":\"https:\\\/\\\/barberiaadel.com\\\/\",\"logo\":{\"@type\":\"ImageObject\",\"inLanguage\":\"eu\",\"@id\":\"https:\\\/\\\/barberiaadel.com\\\/#\\\/schema\\\/logo\\\/image\\\/\",\"url\":\"https:\\\/\\\/barberiaadel.com\\\/wp-content\\\/uploads\\\/2026\\\/02\\\/cropped-84CA4271-4691-42D1-A8CA-8DD3B848A082-scaled-1.jpeg\",\"contentUrl\":\"https:\\\/\\\/barberiaadel.com\\\/wp-content\\\/uploads\\\/2026\\\/02\\\/cropped-84CA4271-4691-42D1-A8CA-8DD3B848A082-scaled-1.jpeg\",\"width\":1793,\"height\":2264,\"caption\":\"Barber\u00eda Adel\"},\"image\":{\"@id\":\"https:\\\/\\\/barberiaadel.com\\\/#\\\/schema\\\/logo\\\/image\\\/\"}}]}<\/script>\n<!-- \/ Yoast SEO plugin. -->","yoast_head_json":{"title":"Contacto - Barber\u00eda Adel","robots":{"index":"index","follow":"follow","max-snippet":"max-snippet:-1","max-image-preview":"max-image-preview:large","max-video-preview":"max-video-preview:-1"},"canonical":"https:\/\/barberiaadel.com\/eu\/contacto\/","og_locale":"en_US","og_type":"article","og_title":"Contacto - Barber\u00eda Adel","og_description":"Da el paso, nosotros nos encargamos del resto Informaci\u00f3n General Tel\u00e9fono +34 664 512 227 Direcci\u00f3n Trauko Kalea, 21, Uribarri, 48007 Bilbao, Bizkaia Horario Lunes a viernes: 10h a 14h 16h a 20h S\u00e1bados: 10h a 14h","og_url":"https:\/\/barberiaadel.com\/eu\/contacto\/","og_site_name":"Barber\u00eda Adel","article_modified_time":"2026-03-05T16:15:53+00:00","twitter_card":"summary_large_image","twitter_misc":{"Est. reading time":"1 minutua"},"schema":{"@context":"https:\/\/schema.org","@graph":[{"@type":"WebPage","@id":"https:\/\/barberiaadel.com\/contacto\/","url":"https:\/\/barberiaadel.com\/contacto\/","name":"Contacto - Barber\u00eda Adel","isPartOf":{"@id":"https:\/\/barberiaadel.com\/#website"},"datePublished":"2026-02-19T09:44:36+00:00","dateModified":"2026-03-05T16:15:53+00:00","breadcrumb":{"@id":"https:\/\/barberiaadel.com\/contacto\/#breadcrumb"},"inLanguage":"eu","potentialAction":[{"@type":"ReadAction","target":["https:\/\/barberiaadel.com\/contacto\/"]}]},{"@type":"BreadcrumbList","@id":"https:\/\/barberiaadel.com\/contacto\/#breadcrumb","itemListElement":[{"@type":"ListItem","position":1,"name":"Portada","item":"https:\/\/barberiaadel.com\/"},{"@type":"ListItem","position":2,"name":"Contacto"}]},{"@type":"WebSite","@id":"https:\/\/barberiaadel.com\/#website","url":"https:\/\/barberiaadel.com\/","name":"Adel bizartegia","description":"Barber\u00eda Trauko en C. Trauko, 21Ur\u00edbarri, 48007 Bilbao \/ 632 879 252","publisher":{"@id":"https:\/\/barberiaadel.com\/#organization"},"potentialAction":[{"@type":"SearchAction","target":{"@type":"EntryPoint","urlTemplate":"https:\/\/barberiaadel.com\/?s={search_term_string}"},"query-input":{"@type":"PropertyValueSpecification","valueRequired":true,"valueName":"search_term_string"}}],"inLanguage":"eu"},{"@type":"Organization","@id":"https:\/\/barberiaadel.com\/#organization","name":"Adel bizartegia","url":"https:\/\/barberiaadel.com\/","logo":{"@type":"ImageObject","inLanguage":"eu","@id":"https:\/\/barberiaadel.com\/#\/schema\/logo\/image\/","url":"https:\/\/barberiaadel.com\/wp-content\/uploads\/2026\/02\/cropped-84CA4271-4691-42D1-A8CA-8DD3B848A082-scaled-1.jpeg","contentUrl":"https:\/\/barberiaadel.com\/wp-content\/uploads\/2026\/02\/cropped-84CA4271-4691-42D1-A8CA-8DD3B848A082-scaled-1.jpeg","width":1793,"height":2264,"caption":"Barber\u00eda Adel"},"image":{"@id":"https:\/\/barberiaadel.com\/#\/schema\/logo\/image\/"}}]}},"_links":{"self":[{"href":"https:\/\/barberiaadel.com\/eu\/wp-json\/wp\/v2\/pages\/16","targetHints":{"allow":["GET"]}}],"collection":[{"href":"https:\/\/barberiaadel.com\/eu\/wp-json\/wp\/v2\/pages"}],"about":[{"href":"https:\/\/barberiaadel.com\/eu\/wp-json\/wp\/v2\/types\/page"}],"author":[{"embeddable":true,"href":"https:\/\/barberiaadel.com\/eu\/wp-json\/wp\/v2\/users\/1"}],"replies":[{"embeddable":true,"href":"https:\/\/barberiaadel.com\/eu\/wp-json\/wp\/v2\/comments?post=16"}],"version-history":[{"count":52,"href":"https:\/\/barberiaadel.com\/eu\/wp-json\/wp\/v2\/pages\/16\/revisions"}],"predecessor-version":[{"id":396,"href":"https:\/\/barberiaadel.com\/eu\/wp-json\/wp\/v2\/pages\/16\/revisions\/396"}],"wp:attachment":[{"href":"https:\/\/barberiaadel.com\/eu\/wp-json\/wp\/v2\/media?parent=16"}],"curies":[{"name":"wp","href":"https:\/\/api.w.org\/{rel}","templated":true}]}}