{"id":12,"date":"2026-02-19T09:44:13","date_gmt":"2026-02-19T09:44:13","guid":{"rendered":"https:\/\/barberiaadel.rkinformatika.online\/?page_id=12"},"modified":"2026-03-02T10:55:46","modified_gmt":"2026-03-02T10:55:46","slug":"servicios","status":"publish","type":"page","link":"https:\/\/barberiaadel.com\/eu\/servicios\/","title":{"rendered":"Zerbitzuak"},"content":{"rendered":"<div data-elementor-type=\"wp-page\" data-elementor-id=\"12\" class=\"elementor elementor-12\" data-elementor-post-type=\"page\">\n\t\t\t\t<div class=\"elementor-element elementor-element-dc66bca e-flex e-con-boxed e-con e-parent\" data-id=\"dc66bca\" data-element_type=\"container\" data-e-type=\"container\" data-settings=\"{&quot;background_background&quot;:&quot;classic&quot;}\">\n\t\t\t\t\t<div class=\"e-con-inner\">\n\t\t\t\t<div class=\"elementor-element elementor-element-2cb5e4c elementor-widget elementor-widget-heading\" data-id=\"2cb5e4c\" data-element_type=\"widget\" data-e-type=\"widget\" data-widget_type=\"heading.default\">\n\t\t\t\t\t<h2 class=\"elementor-heading-title elementor-size-default\">Cada visita, un momento \u00fanico<\/h2>\t\t\t\t<\/div>\n\t\t\t\t\t<\/div>\n\t\t\t\t<\/div>\n\t\t<div class=\"elementor-element elementor-element-096944c e-flex e-con-boxed e-con e-parent\" data-id=\"096944c\" data-element_type=\"container\" data-e-type=\"container\" data-settings=\"{&quot;background_background&quot;:&quot;classic&quot;}\">\n\t\t\t\t\t<div class=\"e-con-inner\">\n\t\t<div class=\"elementor-element elementor-element-ce94ec4 e-con-full e-flex e-con e-child\" data-id=\"ce94ec4\" data-element_type=\"container\" data-e-type=\"container\">\n\t\t\t\t<div class=\"elementor-element elementor-element-a98e373 elementor-widget-divider--view-line_icon elementor-view-default elementor-widget-divider--element-align-center elementor-widget elementor-widget-divider\" data-id=\"a98e373\" data-element_type=\"widget\" data-e-type=\"widget\" data-widget_type=\"divider.default\">\n\t\t\t\t\t\t\t<div class=\"elementor-divider\">\n\t\t\t<span class=\"elementor-divider-separator\">\n\t\t\t\t\t\t\t<div class=\"elementor-icon elementor-divider__element\">\n\t\t\t\t\t<svg aria-hidden=\"true\" class=\"e-font-icon-svg e-far-handshake\" viewbox=\"0 0 640 512\" xmlns=\"http:\/\/www.w3.org\/2000\/svg\"><path d=\"M519.2 127.9l-47.6-47.6A56.252 56.252 0 0 0 432 64H205.2c-14.8 0-29.1 5.9-39.6 16.3L118 127.9H0v255.7h64c17.6 0 31.8-14.2 31.9-31.7h9.1l84.6 76.4c30.9 25.1 73.8 25.7 105.6 3.8 12.5 10.8 26 15.9 41.1 15.9 18.2 0 35.3-7.4 48.8-24 22.1 8.7 48.2 2.6 64-16.8l26.2-32.3c5.6-6.9 9.1-14.8 10.9-23h57.9c.1 17.5 14.4 31.7 31.9 31.7h64V127.9H519.2zM48 351.6c-8.8 0-16-7.2-16-16s7.2-16 16-16 16 7.2 16 16c0 8.9-7.2 16-16 16zm390-6.9l-26.1 32.2c-2.8 3.4-7.8 4-11.3 1.2l-23.9-19.4-30 36.5c-6 7.3-15 4.8-18 2.4l-36.8-31.5-15.6 19.2c-13.9 17.1-39.2 19.7-55.3 6.6l-97.3-88H96V175.8h41.9l61.7-61.6c2-.8 3.7-1.5 5.7-2.3H262l-38.7 35.5c-29.4 26.9-31.1 72.3-4.4 101.3 14.8 16.2 61.2 41.2 101.5 4.4l8.2-7.5 108.2 87.8c3.4 2.8 3.9 7.9 1.2 11.3zm106-40.8h-69.2c-2.3-2.8-4.9-5.4-7.7-7.7l-102.7-83.4 12.5-11.4c6.5-6 7-16.1 1-22.6L367 167.1c-6-6.5-16.1-6.9-22.6-1l-55.2 50.6c-9.5 8.7-25.7 9.4-34.6 0-9.3-9.9-8.5-25.1 1.2-33.9l65.6-60.1c7.4-6.8 17-10.5 27-10.5l83.7-.2c2.1 0 4.1.8 5.5 2.3l61.7 61.6H544v128zm48 47.7c-8.8 0-16-7.2-16-16s7.2-16 16-16 16 7.2 16 16c0 8.9-7.2 16-16 16z\"><\/path><\/svg><\/div>\n\t\t\t\t\t\t<\/span>\n\t\t<\/div>\n\t\t\t\t\t\t<\/div>\n\t\t\t\t<div class=\"elementor-element elementor-element-8eced21 eael-dual-header-content-align-left e-transform elementor-widget elementor-widget-eael-dual-color-header\" data-id=\"8eced21\" data-element_type=\"widget\" data-e-type=\"widget\" data-settings=\"{&quot;_transform_skewX_effect&quot;:{&quot;unit&quot;:&quot;px&quot;,&quot;size&quot;:&quot;&quot;,&quot;sizes&quot;:[]},&quot;_transform_skewX_effect_tablet&quot;:{&quot;unit&quot;:&quot;deg&quot;,&quot;size&quot;:&quot;&quot;,&quot;sizes&quot;:[]},&quot;_transform_skewX_effect_mobile&quot;:{&quot;unit&quot;:&quot;deg&quot;,&quot;size&quot;:&quot;&quot;,&quot;sizes&quot;:[]},&quot;_transform_skewY_effect&quot;:{&quot;unit&quot;:&quot;px&quot;,&quot;size&quot;:&quot;&quot;,&quot;sizes&quot;:[]},&quot;_transform_skewY_effect_tablet&quot;:{&quot;unit&quot;:&quot;deg&quot;,&quot;size&quot;:&quot;&quot;,&quot;sizes&quot;:[]},&quot;_transform_skewY_effect_mobile&quot;:{&quot;unit&quot;:&quot;deg&quot;,&quot;size&quot;:&quot;&quot;,&quot;sizes&quot;:[]}}\" data-widget_type=\"eael-dual-color-header.default\">\n\t\t\t\t\t\t\t\t<div class=\"eael-dual-header\">\n\t\t\t\t<h1 class=\"title eael-dch-title\"><span class=\"eael-dch-title-text eael-dch-title-lead lead solid-color\">Nuestros<br><\/span> <span class=\"eael-dch-title-text\">Zerbitzuak<\/span><\/h1>\t\t\t<\/div>\n\n\t\t\t\t\t\t<\/div>\n\t\t\t\t<div class=\"elementor-element elementor-element-47b6014 elementor-widget elementor-widget-text-editor\" data-id=\"47b6014\" data-element_type=\"widget\" data-e-type=\"widget\" data-widget_type=\"text-editor.default\">\n\t\t\t\t\t\t\t\t\t<p>En Barber\u00eda Adel, nuestra filosof\u00eda es clara: el protagonista siempre eres t\u00fa. Escuchamos tus ideas, entendemos tu estilo y adaptamos cada t\u00e9cnica a tus necesidades, ya sea con m\u00e1quina, tijera o combinando ambas. No se trata solo de cortar el pelo o arreglar la barba; se trata de respetar tu identidad, potenciar tu estilo y ofrecer un resultado que realmente te represente.<\/p><p>Asesoramos cuando nos lo piden, pero siempre partimos de que cada decisi\u00f3n la toma quien se sienta en la silla. Prestamos atenci\u00f3n a cada detalle \u2014perfilado, simetr\u00eda, acabado\u2014 para que cada visita sea una experiencia personalizada, c\u00f3moda y satisfactoria. Creemos que la barber\u00eda es m\u00e1s que un servicio: es un espacio donde t\u00e9cnica, tradici\u00f3n y cercan\u00eda se unen para que tu estilo hable por ti.<\/p>\t\t\t\t\t\t\t\t<\/div>\n\t\t\t\t<\/div>\n\t\t\t\t\t<\/div>\n\t\t\t\t<\/div>\n\t\t<div class=\"elementor-element elementor-element-5864bcb e-flex e-con-boxed e-con e-parent\" data-id=\"5864bcb\" data-element_type=\"container\" data-e-type=\"container\">\n\t\t\t\t\t<div class=\"e-con-inner\">\n\t\t<div class=\"elementor-element elementor-element-1b9a2c3 e-con-full e-flex e-con e-child\" data-id=\"1b9a2c3\" data-element_type=\"container\" data-e-type=\"container\">\n\t\t\t\t<div class=\"elementor-element elementor-element-7d2ef87 elementor-widget elementor-widget-image\" data-id=\"7d2ef87\" data-element_type=\"widget\" data-e-type=\"widget\" data-widget_type=\"image.default\">\n\t\t\t\t\t\t\t\t\t\t\t\t\t\t\t<img fetchpriority=\"high\" decoding=\"async\" width=\"1590\" height=\"2000\" src=\"https:\/\/barberiaadel.com\/wp-content\/uploads\/2026\/02\/Diseno-sin-titulo-3-e1771515688258.png\" class=\"attachment-full size-full wp-image-330\" alt=\"\" srcset=\"https:\/\/barberiaadel.com\/wp-content\/uploads\/2026\/02\/Diseno-sin-titulo-3-e1771515688258.png 1590w, https:\/\/barberiaadel.com\/wp-content\/uploads\/2026\/02\/Diseno-sin-titulo-3-e1771515688258-239x300.png 239w, https:\/\/barberiaadel.com\/wp-content\/uploads\/2026\/02\/Diseno-sin-titulo-3-e1771515688258-814x1024.png 814w, https:\/\/barberiaadel.com\/wp-content\/uploads\/2026\/02\/Diseno-sin-titulo-3-e1771515688258-768x966.png 768w, https:\/\/barberiaadel.com\/wp-content\/uploads\/2026\/02\/Diseno-sin-titulo-3-e1771515688258-1221x1536.png 1221w, https:\/\/barberiaadel.com\/wp-content\/uploads\/2026\/02\/Diseno-sin-titulo-3-e1771515688258-10x12.png 10w\" sizes=\"(max-width: 1590px) 100vw, 1590px\" \/>\t\t\t\t\t\t\t\t\t\t\t\t\t\t\t<\/div>\n\t\t\t\t<\/div>\n\t\t<div class=\"elementor-element elementor-element-376b8a5 e-con-full e-flex e-con e-child\" data-id=\"376b8a5\" data-element_type=\"container\" data-e-type=\"container\">\n\t\t\t\t<div class=\"elementor-element elementor-element-cb0e8dd elementor-widget elementor-widget-heading\" data-id=\"cb0e8dd\" data-element_type=\"widget\" data-e-type=\"widget\" data-widget_type=\"heading.default\">\n\t\t\t\t\t<h2 class=\"elementor-heading-title elementor-size-default\">Cortes Modernos<\/h2>\t\t\t\t<\/div>\n\t\t\t\t<div class=\"elementor-element elementor-element-c76c586 elementor-widget elementor-widget-text-editor\" data-id=\"c76c586\" data-element_type=\"widget\" data-e-type=\"widget\" data-widget_type=\"text-editor.default\">\n\t\t\t\t\t\t\t\t\t<p>Fade, mullet, mohicano o buzz cut: creamos looks actuales adaptados a tu estilo y personalidad.<\/p>\t\t\t\t\t\t\t\t<\/div>\n\t\t\t\t<\/div>\n\t\t\t\t\t<\/div>\n\t\t\t\t<\/div>\n\t\t<div class=\"elementor-element elementor-element-970443b e-flex e-con-boxed e-con e-parent\" data-id=\"970443b\" data-element_type=\"container\" data-e-type=\"container\">\n\t\t\t\t\t<div class=\"e-con-inner\">\n\t\t<div class=\"elementor-element elementor-element-9dd0b9d e-con-full e-flex e-con e-child\" data-id=\"9dd0b9d\" data-element_type=\"container\" data-e-type=\"container\">\n\t\t\t\t<div class=\"elementor-element elementor-element-be7b8a8 elementor-widget elementor-widget-image\" data-id=\"be7b8a8\" data-element_type=\"widget\" data-e-type=\"widget\" data-widget_type=\"image.default\">\n\t\t\t\t\t\t\t\t\t\t\t\t\t\t\t<img decoding=\"async\" width=\"500\" height=\"500\" src=\"https:\/\/barberiaadel.com\/wp-content\/uploads\/2026\/02\/1c4b7efa8e68a34805e09d16c79b5f25.jpg\" class=\"attachment-full size-full wp-image-210\" alt=\"\" srcset=\"https:\/\/barberiaadel.com\/wp-content\/uploads\/2026\/02\/1c4b7efa8e68a34805e09d16c79b5f25.jpg 500w, https:\/\/barberiaadel.com\/wp-content\/uploads\/2026\/02\/1c4b7efa8e68a34805e09d16c79b5f25-300x300.jpg 300w, https:\/\/barberiaadel.com\/wp-content\/uploads\/2026\/02\/1c4b7efa8e68a34805e09d16c79b5f25-150x150.jpg 150w, https:\/\/barberiaadel.com\/wp-content\/uploads\/2026\/02\/1c4b7efa8e68a34805e09d16c79b5f25-12x12.jpg 12w\" sizes=\"(max-width: 500px) 100vw, 500px\" \/>\t\t\t\t\t\t\t\t\t\t\t\t\t\t\t<\/div>\n\t\t\t\t<\/div>\n\t\t<div class=\"elementor-element elementor-element-5071e59 e-con-full e-flex e-con e-child\" data-id=\"5071e59\" data-element_type=\"container\" data-e-type=\"container\">\n\t\t\t\t<div class=\"elementor-element elementor-element-f852fa2 elementor-widget elementor-widget-heading\" data-id=\"f852fa2\" data-element_type=\"widget\" data-e-type=\"widget\" data-widget_type=\"heading.default\">\n\t\t\t\t\t<h2 class=\"elementor-heading-title elementor-size-default\">Cortes Atemporales<\/h2>\t\t\t\t<\/div>\n\t\t\t\t<div class=\"elementor-element elementor-element-74fd21a elementor-widget elementor-widget-text-editor\" data-id=\"74fd21a\" data-element_type=\"widget\" data-e-type=\"widget\" data-widget_type=\"text-editor.default\">\n\t\t\t\t\t\t\t\t\t<p>Cortes que nunca pasan de moda, respetando la est\u00e9tica, la simetr\u00eda y tu identidad.<\/p>\t\t\t\t\t\t\t\t<\/div>\n\t\t\t\t<\/div>\n\t\t\t\t\t<\/div>\n\t\t\t\t<\/div>\n\t\t<div class=\"elementor-element elementor-element-5f7f95f e-flex e-con-boxed e-con e-parent\" data-id=\"5f7f95f\" data-element_type=\"container\" data-e-type=\"container\">\n\t\t\t\t\t<div class=\"e-con-inner\">\n\t\t<div class=\"elementor-element elementor-element-f540a59 e-con-full e-flex e-con e-child\" data-id=\"f540a59\" data-element_type=\"container\" data-e-type=\"container\">\n\t\t\t\t<div class=\"elementor-element elementor-element-0e09f53 elementor-widget elementor-widget-image\" data-id=\"0e09f53\" data-element_type=\"widget\" data-e-type=\"widget\" data-widget_type=\"image.default\">\n\t\t\t\t\t\t\t\t\t\t\t\t\t\t\t<img decoding=\"async\" width=\"600\" height=\"700\" src=\"https:\/\/barberiaadel.com\/wp-content\/uploads\/2026\/02\/Diseno-sin-titulo-2.png\" class=\"attachment-full size-full wp-image-222\" alt=\"\" srcset=\"https:\/\/barberiaadel.com\/wp-content\/uploads\/2026\/02\/Diseno-sin-titulo-2.png 600w, https:\/\/barberiaadel.com\/wp-content\/uploads\/2026\/02\/Diseno-sin-titulo-2-257x300.png 257w, https:\/\/barberiaadel.com\/wp-content\/uploads\/2026\/02\/Diseno-sin-titulo-2-10x12.png 10w\" sizes=\"(max-width: 600px) 100vw, 600px\" \/>\t\t\t\t\t\t\t\t\t\t\t\t\t\t\t<\/div>\n\t\t\t\t<\/div>\n\t\t<div class=\"elementor-element elementor-element-c481986 e-con-full e-flex e-con e-child\" data-id=\"c481986\" data-element_type=\"container\" data-e-type=\"container\">\n\t\t\t\t<div class=\"elementor-element elementor-element-f1452e8 elementor-widget elementor-widget-heading\" data-id=\"f1452e8\" data-element_type=\"widget\" data-e-type=\"widget\" data-widget_type=\"heading.default\">\n\t\t\t\t\t<h2 class=\"elementor-heading-title elementor-size-default\">Arreglo de barba<\/h2>\t\t\t\t<\/div>\n\t\t\t\t<div class=\"elementor-element elementor-element-312b9a0 elementor-widget elementor-widget-text-editor\" data-id=\"312b9a0\" data-element_type=\"widget\" data-e-type=\"widget\" data-widget_type=\"text-editor.default\">\n\t\t\t\t\t\t\t\t\t<p>Arreglo y corte de barba que complementan tu look, respetando tu estilo y personalidad en cada detalle.<\/p>\t\t\t\t\t\t\t\t<\/div>\n\t\t\t\t<\/div>\n\t\t\t\t\t<\/div>\n\t\t\t\t<\/div>\n\t\t<div class=\"elementor-element elementor-element-f09c22c e-flex e-con-boxed e-con e-parent\" data-id=\"f09c22c\" data-element_type=\"container\" data-e-type=\"container\" data-settings=\"{&quot;background_background&quot;:&quot;classic&quot;}\">\n\t\t\t\t\t<div class=\"e-con-inner\">\n\t\t\t\t<div class=\"elementor-element elementor-element-94f1208 elementor-widget elementor-widget-heading\" data-id=\"94f1208\" data-element_type=\"widget\" data-e-type=\"widget\" data-widget_type=\"heading.default\">\n\t\t\t\t\t<h2 class=\"elementor-heading-title elementor-size-default\">Haz que tu estilo hable por ti<\/h2>\t\t\t\t<\/div>\n\t\t\t\t<div class=\"elementor-element elementor-element-b92a506 elementor-widget elementor-widget-text-editor\" data-id=\"b92a506\" data-element_type=\"widget\" data-e-type=\"widget\" data-widget_type=\"text-editor.default\">\n\t\t\t\t\t\t\t\t\t<p>Reserva tu cita<\/p>\t\t\t\t\t\t\t\t<\/div>\n\t\t\t\t<div class=\"elementor-element elementor-element-787be18 elementor-align-center elementor-widget elementor-widget-button\" data-id=\"787be18\" data-element_type=\"widget\" data-e-type=\"widget\" data-widget_type=\"button.default\">\n\t\t\t\t\t\t\t\t\t\t<a class=\"elementor-button elementor-button-link elementor-size-sm\" href=\"\/eu\/contacto\/\">\n\t\t\t\t\t\t<span class=\"elementor-button-content-wrapper\">\n\t\t\t\t\t\t<span class=\"elementor-button-icon\">\n\t\t\t\t<svg aria-hidden=\"true\" class=\"e-font-icon-svg e-far-comment\" viewbox=\"0 0 512 512\" xmlns=\"http:\/\/www.w3.org\/2000\/svg\"><path d=\"M256 32C114.6 32 0 125.1 0 240c0 47.6 19.9 91.2 52.9 126.3C38 405.7 7 439.1 6.5 439.5c-6.6 7-8.4 17.2-4.6 26S14.4 480 24 480c61.5 0 110-25.7 139.1-46.3C192 442.8 223.2 448 256 448c141.4 0 256-93.1 256-208S397.4 32 256 32zm0 368c-26.7 0-53.1-4.1-78.4-12.1l-22.7-7.2-19.5 13.8c-14.3 10.1-33.9 21.4-57.5 29 7.3-12.1 14.4-25.7 19.9-40.2l10.6-28.1-20.6-21.8C69.7 314.1 48 282.2 48 240c0-88.2 93.3-160 208-160s208 71.8 208 160-93.3 160-208 160z\"><\/path><\/svg>\t\t\t<\/span>\n\t\t\t\t\t\t\t\t\t<span class=\"elementor-button-text\">Cont\u00e1cto<\/span>\n\t\t\t\t\t<\/span>\n\t\t\t\t\t<\/a>\n\t\t\t\t\t\t\t\t<\/div>\n\t\t\t\t\t<\/div>\n\t\t\t\t<\/div>\n\t\t\t\t<\/div>","protected":false},"excerpt":{"rendered":"<p>Cada visita, un momento \u00fanico Nuestros Servicios En Barber\u00eda Adel, nuestra filosof\u00eda es clara: el protagonista siempre eres t\u00fa. Escuchamos tus ideas, entendemos tu estilo y adaptamos cada t\u00e9cnica a tus necesidades, ya sea con m\u00e1quina, tijera o combinando ambas. No se trata solo de cortar el pelo o arreglar la barba; se trata de [&hellip;]<\/p>\n","protected":false},"author":1,"featured_media":0,"parent":0,"menu_order":0,"comment_status":"closed","ping_status":"closed","template":"elementor_canvas","meta":{"footnotes":""},"class_list":["post-12","page","type-page","status-publish","hentry"],"yoast_head":"<!-- This site is optimized with the Yoast SEO plugin v27.4 - https:\/\/yoast.com\/product\/yoast-seo-wordpress\/ -->\n<title>Servicios - Barber\u00eda Adel<\/title>\n<meta name=\"robots\" content=\"index, follow, max-snippet:-1, max-image-preview:large, max-video-preview:-1\" \/>\n<link rel=\"canonical\" href=\"https:\/\/barberiaadel.com\/eu\/servicios\/\" \/>\n<meta property=\"og:locale\" content=\"en_US\" \/>\n<meta property=\"og:type\" content=\"article\" \/>\n<meta property=\"og:title\" content=\"Servicios - Barber\u00eda Adel\" \/>\n<meta property=\"og:description\" content=\"Cada visita, un momento \u00fanico Nuestros Servicios En Barber\u00eda Adel, nuestra filosof\u00eda es clara: el protagonista siempre eres t\u00fa. Escuchamos tus ideas, entendemos tu estilo y adaptamos cada t\u00e9cnica a tus necesidades, ya sea con m\u00e1quina, tijera o combinando ambas. No se trata solo de cortar el pelo o arreglar la barba; se trata de [&hellip;]\" \/>\n<meta property=\"og:url\" content=\"https:\/\/barberiaadel.com\/eu\/servicios\/\" \/>\n<meta property=\"og:site_name\" content=\"Barber\u00eda Adel\" \/>\n<meta property=\"article:modified_time\" content=\"2026-03-02T10:55:46+00:00\" \/>\n<meta property=\"og:image\" content=\"https:\/\/barberiaadel.com\/wp-content\/uploads\/2026\/02\/Diseno-sin-titulo-3-e1771515688258.png\" \/>\n\t<meta property=\"og:image:width\" content=\"1590\" \/>\n\t<meta property=\"og:image:height\" content=\"2000\" \/>\n\t<meta property=\"og:image:type\" content=\"image\/png\" \/>\n<meta name=\"twitter:card\" content=\"summary_large_image\" \/>\n<meta name=\"twitter:label1\" content=\"Est. reading time\" \/>\n\t<meta name=\"twitter:data1\" content=\"1 minutua\" \/>\n<script type=\"application\/ld+json\" class=\"yoast-schema-graph\">{\"@context\":\"https:\\\/\\\/schema.org\",\"@graph\":[{\"@type\":\"WebPage\",\"@id\":\"https:\\\/\\\/barberiaadel.com\\\/servicios\\\/\",\"url\":\"https:\\\/\\\/barberiaadel.com\\\/servicios\\\/\",\"name\":\"Servicios - Barber\u00eda Adel\",\"isPartOf\":{\"@id\":\"https:\\\/\\\/barberiaadel.com\\\/#website\"},\"primaryImageOfPage\":{\"@id\":\"https:\\\/\\\/barberiaadel.com\\\/servicios\\\/#primaryimage\"},\"image\":{\"@id\":\"https:\\\/\\\/barberiaadel.com\\\/servicios\\\/#primaryimage\"},\"thumbnailUrl\":\"https:\\\/\\\/barberiaadel.com\\\/wp-content\\\/uploads\\\/2026\\\/02\\\/Diseno-sin-titulo-3-e1771515688258.png\",\"datePublished\":\"2026-02-19T09:44:13+00:00\",\"dateModified\":\"2026-03-02T10:55:46+00:00\",\"breadcrumb\":{\"@id\":\"https:\\\/\\\/barberiaadel.com\\\/servicios\\\/#breadcrumb\"},\"inLanguage\":\"eu\",\"potentialAction\":[{\"@type\":\"ReadAction\",\"target\":[\"https:\\\/\\\/barberiaadel.com\\\/servicios\\\/\"]}]},{\"@type\":\"ImageObject\",\"inLanguage\":\"eu\",\"@id\":\"https:\\\/\\\/barberiaadel.com\\\/servicios\\\/#primaryimage\",\"url\":\"https:\\\/\\\/barberiaadel.com\\\/wp-content\\\/uploads\\\/2026\\\/02\\\/Diseno-sin-titulo-3-e1771515688258.png\",\"contentUrl\":\"https:\\\/\\\/barberiaadel.com\\\/wp-content\\\/uploads\\\/2026\\\/02\\\/Diseno-sin-titulo-3-e1771515688258.png\"},{\"@type\":\"BreadcrumbList\",\"@id\":\"https:\\\/\\\/barberiaadel.com\\\/servicios\\\/#breadcrumb\",\"itemListElement\":[{\"@type\":\"ListItem\",\"position\":1,\"name\":\"Portada\",\"item\":\"https:\\\/\\\/barberiaadel.com\\\/\"},{\"@type\":\"ListItem\",\"position\":2,\"name\":\"Servicios\"}]},{\"@type\":\"WebSite\",\"@id\":\"https:\\\/\\\/barberiaadel.com\\\/#website\",\"url\":\"https:\\\/\\\/barberiaadel.com\\\/\",\"name\":\"Barber\u00eda Adel\",\"description\":\"Barber\u00eda Trauko en C. Trauko, 21Ur\u00edbarri, 48007 Bilbao \\\/ 632 879 252\",\"publisher\":{\"@id\":\"https:\\\/\\\/barberiaadel.com\\\/#organization\"},\"potentialAction\":[{\"@type\":\"SearchAction\",\"target\":{\"@type\":\"EntryPoint\",\"urlTemplate\":\"https:\\\/\\\/barberiaadel.com\\\/?s={search_term_string}\"},\"query-input\":{\"@type\":\"PropertyValueSpecification\",\"valueRequired\":true,\"valueName\":\"search_term_string\"}}],\"inLanguage\":\"eu\"},{\"@type\":\"Organization\",\"@id\":\"https:\\\/\\\/barberiaadel.com\\\/#organization\",\"name\":\"Barber\u00eda Adel\",\"url\":\"https:\\\/\\\/barberiaadel.com\\\/\",\"logo\":{\"@type\":\"ImageObject\",\"inLanguage\":\"eu\",\"@id\":\"https:\\\/\\\/barberiaadel.com\\\/#\\\/schema\\\/logo\\\/image\\\/\",\"url\":\"https:\\\/\\\/barberiaadel.com\\\/wp-content\\\/uploads\\\/2026\\\/02\\\/cropped-84CA4271-4691-42D1-A8CA-8DD3B848A082-scaled-1.jpeg\",\"contentUrl\":\"https:\\\/\\\/barberiaadel.com\\\/wp-content\\\/uploads\\\/2026\\\/02\\\/cropped-84CA4271-4691-42D1-A8CA-8DD3B848A082-scaled-1.jpeg\",\"width\":1793,\"height\":2264,\"caption\":\"Barber\u00eda Adel\"},\"image\":{\"@id\":\"https:\\\/\\\/barberiaadel.com\\\/#\\\/schema\\\/logo\\\/image\\\/\"}}]}<\/script>\n<!-- \/ Yoast SEO plugin. -->","yoast_head_json":{"title":"Servicios - Barber\u00eda Adel","robots":{"index":"index","follow":"follow","max-snippet":"max-snippet:-1","max-image-preview":"max-image-preview:large","max-video-preview":"max-video-preview:-1"},"canonical":"https:\/\/barberiaadel.com\/eu\/servicios\/","og_locale":"en_US","og_type":"article","og_title":"Servicios - Barber\u00eda Adel","og_description":"Cada visita, un momento \u00fanico Nuestros Servicios En Barber\u00eda Adel, nuestra filosof\u00eda es clara: el protagonista siempre eres t\u00fa. Escuchamos tus ideas, entendemos tu estilo y adaptamos cada t\u00e9cnica a tus necesidades, ya sea con m\u00e1quina, tijera o combinando ambas. No se trata solo de cortar el pelo o arreglar la barba; se trata de [&hellip;]","og_url":"https:\/\/barberiaadel.com\/eu\/servicios\/","og_site_name":"Barber\u00eda Adel","article_modified_time":"2026-03-02T10:55:46+00:00","og_image":[{"width":1590,"height":2000,"url":"https:\/\/barberiaadel.com\/wp-content\/uploads\/2026\/02\/Diseno-sin-titulo-3-e1771515688258.png","type":"image\/png"}],"twitter_card":"summary_large_image","twitter_misc":{"Est. reading time":"1 minutua"},"schema":{"@context":"https:\/\/schema.org","@graph":[{"@type":"WebPage","@id":"https:\/\/barberiaadel.com\/servicios\/","url":"https:\/\/barberiaadel.com\/servicios\/","name":"Servicios - Barber\u00eda Adel","isPartOf":{"@id":"https:\/\/barberiaadel.com\/#website"},"primaryImageOfPage":{"@id":"https:\/\/barberiaadel.com\/servicios\/#primaryimage"},"image":{"@id":"https:\/\/barberiaadel.com\/servicios\/#primaryimage"},"thumbnailUrl":"https:\/\/barberiaadel.com\/wp-content\/uploads\/2026\/02\/Diseno-sin-titulo-3-e1771515688258.png","datePublished":"2026-02-19T09:44:13+00:00","dateModified":"2026-03-02T10:55:46+00:00","breadcrumb":{"@id":"https:\/\/barberiaadel.com\/servicios\/#breadcrumb"},"inLanguage":"eu","potentialAction":[{"@type":"ReadAction","target":["https:\/\/barberiaadel.com\/servicios\/"]}]},{"@type":"ImageObject","inLanguage":"eu","@id":"https:\/\/barberiaadel.com\/servicios\/#primaryimage","url":"https:\/\/barberiaadel.com\/wp-content\/uploads\/2026\/02\/Diseno-sin-titulo-3-e1771515688258.png","contentUrl":"https:\/\/barberiaadel.com\/wp-content\/uploads\/2026\/02\/Diseno-sin-titulo-3-e1771515688258.png"},{"@type":"BreadcrumbList","@id":"https:\/\/barberiaadel.com\/servicios\/#breadcrumb","itemListElement":[{"@type":"ListItem","position":1,"name":"Portada","item":"https:\/\/barberiaadel.com\/"},{"@type":"ListItem","position":2,"name":"Servicios"}]},{"@type":"WebSite","@id":"https:\/\/barberiaadel.com\/#website","url":"https:\/\/barberiaadel.com\/","name":"Adel bizartegia","description":"Barber\u00eda Trauko en C. Trauko, 21Ur\u00edbarri, 48007 Bilbao \/ 632 879 252","publisher":{"@id":"https:\/\/barberiaadel.com\/#organization"},"potentialAction":[{"@type":"SearchAction","target":{"@type":"EntryPoint","urlTemplate":"https:\/\/barberiaadel.com\/?s={search_term_string}"},"query-input":{"@type":"PropertyValueSpecification","valueRequired":true,"valueName":"search_term_string"}}],"inLanguage":"eu"},{"@type":"Organization","@id":"https:\/\/barberiaadel.com\/#organization","name":"Adel bizartegia","url":"https:\/\/barberiaadel.com\/","logo":{"@type":"ImageObject","inLanguage":"eu","@id":"https:\/\/barberiaadel.com\/#\/schema\/logo\/image\/","url":"https:\/\/barberiaadel.com\/wp-content\/uploads\/2026\/02\/cropped-84CA4271-4691-42D1-A8CA-8DD3B848A082-scaled-1.jpeg","contentUrl":"https:\/\/barberiaadel.com\/wp-content\/uploads\/2026\/02\/cropped-84CA4271-4691-42D1-A8CA-8DD3B848A082-scaled-1.jpeg","width":1793,"height":2264,"caption":"Barber\u00eda Adel"},"image":{"@id":"https:\/\/barberiaadel.com\/#\/schema\/logo\/image\/"}}]}},"_links":{"self":[{"href":"https:\/\/barberiaadel.com\/eu\/wp-json\/wp\/v2\/pages\/12","targetHints":{"allow":["GET"]}}],"collection":[{"href":"https:\/\/barberiaadel.com\/eu\/wp-json\/wp\/v2\/pages"}],"about":[{"href":"https:\/\/barberiaadel.com\/eu\/wp-json\/wp\/v2\/types\/page"}],"author":[{"embeddable":true,"href":"https:\/\/barberiaadel.com\/eu\/wp-json\/wp\/v2\/users\/1"}],"replies":[{"embeddable":true,"href":"https:\/\/barberiaadel.com\/eu\/wp-json\/wp\/v2\/comments?post=12"}],"version-history":[{"count":103,"href":"https:\/\/barberiaadel.com\/eu\/wp-json\/wp\/v2\/pages\/12\/revisions"}],"predecessor-version":[{"id":371,"href":"https:\/\/barberiaadel.com\/eu\/wp-json\/wp\/v2\/pages\/12\/revisions\/371"}],"wp:attachment":[{"href":"https:\/\/barberiaadel.com\/eu\/wp-json\/wp\/v2\/media?parent=12"}],"curies":[{"name":"wp","href":"https:\/\/api.w.org\/{rel}","templated":true}]}}